{"id":8601,"date":"2021-03-01T11:50:57","date_gmt":"2021-03-01T10:50:57","guid":{"rendered":"https:\/\/www.villavalverde.it\/giardino\/"},"modified":"2021-06-25T17:09:23","modified_gmt":"2021-06-25T15:09:23","slug":"jardin","status":"publish","type":"page","link":"https:\/\/www.villavalverde.it\/es\/jardin\/","title":{"rendered":"Jard\u00edn"},"content":{"rendered":"\t\t<div data-elementor-type=\"wp-page\" data-elementor-id=\"8601\" class=\"elementor elementor-8601\" data-elementor-settings=\"[]\">\n\t\t\t\t\t\t\t<div class=\"elementor-section-wrap\">\n\t\t\t\t\t\t\t<section class=\"elementor-section elementor-top-section elementor-element elementor-element-695764a elementor-section-full_width elementor-section-stretched elementor-section-height-default elementor-section-height-default qodef-elementor-content-no\" data-id=\"695764a\" data-element_type=\"section\" data-settings=\"{&quot;background_background&quot;:&quot;classic&quot;,&quot;stretch_section&quot;:&quot;section-stretched&quot;}\">\n\t\t\t\t\t\t<div class=\"elementor-container elementor-column-gap-default\">\n\t\t\t\t\t<div class=\"elementor-column elementor-col-100 elementor-top-column elementor-element elementor-element-e3b42e4\" data-id=\"e3b42e4\" data-element_type=\"column\">\n\t\t\t<div class=\"elementor-widget-wrap elementor-element-populated\">\n\t\t\t\t\t\t\t\t<div class=\"elementor-element elementor-element-a73e4a5 elementor-widget elementor-widget-slider_revolution\" data-id=\"a73e4a5\" data-element_type=\"widget\" data-widget_type=\"slider_revolution.default\">\n\t\t\t\t<div class=\"elementor-widget-container\">\n\t\t\t\r\n\t\t<div class=\"wp-block-themepunch-revslider\">\n\t\t\t<!-- START Giardino ES REVOLUTION SLIDER 6.3.9 --><p class=\"rs-p-wp-fix\"><\/p>\n\t\t\t<rs-module-wrap id=\"rev_slider_33_1_wrapper\" data-source=\"gallery\" style=\"background:#fff9f4;padding:0;\">\n\t\t\t\t<rs-module id=\"rev_slider_33_1\" style=\"\" data-version=\"6.3.9\">\n\t\t\t\t\t<rs-slides>\n\t\t\t\t\t\t<rs-slide data-key=\"rs-93\" data-title=\"Slide\" data-thumb=\"\/\/www.villavalverde.it\/wp-content\/uploads\/2021\/03\/villa-valverde-slider-giardino-001-50x100.jpg\" data-anim=\"ei:d;eo:d;s:1000;r:0;t:fade;sl:0;\" data-color-skin='dark'>\n\t\t\t\t\t\t\t<img decoding=\"async\" src=\"\/\/www.villavalverde.it\/wp-content\/uploads\/2021\/03\/villa-valverde-slider-giardino-001.jpg\" title=\"villa-valverde-slider-giardino-001\" width=\"1920\" height=\"1280\" data-panzoom=\"d:10000;ss:100;se:110%;\" class=\"rev-slidebg\" data-no-retina>\n<!--\n\t\t\t\t\t\t\t--><rs-layer\n\t\t\t\t\t\t\t\tid=\"slider-33-slide-93-layer-6\" \n\t\t\t\t\t\t\t\tdata-type=\"text\"\n\t\t\t\t\t\t\t\tdata-tsh=\"c:#000000;h:2px;v:2px;b:2px;\"\n\t\t\t\t\t\t\t\tdata-xy=\"x:c;y:m;yo:-35px,-85px,-85px,-85px;\"\n\t\t\t\t\t\t\t\tdata-text=\"w:normal;s:25;\"\n\t\t\t\t\t\t\t\tdata-frame_999=\"o:0;st:w;\"\n\t\t\t\t\t\t\t\tstyle=\"z-index:9;font-family:Playfair Display;\"\n\t\t\t\t\t\t\t>Villa Valverde \n\t\t\t\t\t\t\t<\/rs-layer><!--\n\n\t\t\t\t\t\t\t--><rs-layer\n\t\t\t\t\t\t\t\tid=\"slider-33-slide-93-layer-21\" \n\t\t\t\t\t\t\t\tdata-type=\"text\"\n\t\t\t\t\t\t\t\tdata-tsh=\"c:#000000;h:2px;v:2px;b:5px;\"\n\t\t\t\t\t\t\t\tdata-xy=\"x:c;xo:3px;y:m;yo:35px,-15px,-15px,-15px;\"\n\t\t\t\t\t\t\t\tdata-text=\"w:normal;s:45,45,45,35;l:52,52,52,42;a:center;\"\n\t\t\t\t\t\t\t\tdata-frame_999=\"o:0;st:w;\"\n\t\t\t\t\t\t\t\tstyle=\"z-index:9;font-family:Playfair Display;\"\n\t\t\t\t\t\t\t>El jard\u00edn Amplio<br \/>\ny siempre verde \n\t\t\t\t\t\t\t<\/rs-layer><!--\n-->\t\t\t\t\t\t<\/rs-slide>\n\t\t\t\t\t\t<rs-slide data-key=\"rs-94\" data-title=\"Slide\" data-thumb=\"\/\/www.villavalverde.it\/wp-content\/uploads\/2021\/03\/villa-valverde-slider-giardino-002-50x100.jpg\" data-anim=\"ei:d;eo:d;s:1000;r:0;t:fade;sl:0;\" data-color-skin='dark'>\n\t\t\t\t\t\t\t<img decoding=\"async\" src=\"\/\/www.villavalverde.it\/wp-content\/uploads\/2021\/03\/villa-valverde-slider-giardino-002.jpg\" title=\"villa-valverde-slider-giardino-002\" width=\"1920\" height=\"1280\" data-panzoom=\"d:10000;ss:100;se:110%;\" class=\"rev-slidebg\" data-no-retina>\n<!--\n\t\t\t\t\t\t\t--><rs-layer\n\t\t\t\t\t\t\t\tid=\"slider-33-slide-94-layer-6\" \n\t\t\t\t\t\t\t\tdata-type=\"text\"\n\t\t\t\t\t\t\t\tdata-tsh=\"c:#000000;h:2px;v:2px;b:5px;\"\n\t\t\t\t\t\t\t\tdata-xy=\"x:c;y:m;yo:-35px,-85px,-85px,-85px;\"\n\t\t\t\t\t\t\t\tdata-text=\"w:normal;s:25;\"\n\t\t\t\t\t\t\t\tdata-frame_999=\"o:0;st:w;\"\n\t\t\t\t\t\t\t\tstyle=\"z-index:9;font-family:Playfair Display;\"\n\t\t\t\t\t\t\t>Villa Valverde \n\t\t\t\t\t\t\t<\/rs-layer><!--\n\n\t\t\t\t\t\t\t--><rs-layer\n\t\t\t\t\t\t\t\tid=\"slider-33-slide-94-layer-21\" \n\t\t\t\t\t\t\t\tdata-type=\"text\"\n\t\t\t\t\t\t\t\tdata-tsh=\"c:#000000;h:2px;v:2px;b:5px;\"\n\t\t\t\t\t\t\t\tdata-xy=\"x:c;y:m;yo:35px,-15px,-15px,-15px;\"\n\t\t\t\t\t\t\t\tdata-text=\"w:normal;s:45,45,45,35;l:52,52,52,42;a:center;\"\n\t\t\t\t\t\t\t\tdata-frame_999=\"o:0;st:w;\"\n\t\t\t\t\t\t\t\tstyle=\"z-index:9;font-family:Playfair Display;\"\n\t\t\t\t\t\t\t>Espacio com\u00fan que<br \/>\ncaracteriza Villa Valverde \n\t\t\t\t\t\t\t<\/rs-layer><!--\n-->\t\t\t\t\t\t<\/rs-slide>\n\t\t\t\t\t\t<rs-slide data-key=\"rs-95\" data-title=\"Slide\" data-thumb=\"\/\/www.villavalverde.it\/wp-content\/uploads\/2021\/03\/villa-valverde-slider-giardino-003-50x100.jpg\" data-anim=\"ei:d;eo:d;s:1000;r:0;t:fade;sl:0;\" data-color-skin='dark'>\n\t\t\t\t\t\t\t<img decoding=\"async\" src=\"\/\/www.villavalverde.it\/wp-content\/uploads\/2021\/03\/villa-valverde-slider-giardino-003.jpg\" title=\"villa-valverde-slider-giardino-003\" width=\"1920\" height=\"1280\" data-panzoom=\"d:10000;ss:100;se:110%;\" class=\"rev-slidebg\" data-no-retina>\n<!--\n\t\t\t\t\t\t\t--><rs-layer\n\t\t\t\t\t\t\t\tid=\"slider-33-slide-95-layer-6\" \n\t\t\t\t\t\t\t\tdata-type=\"text\"\n\t\t\t\t\t\t\t\tdata-tsh=\"c:#000000;h:2px;v:2px;b:5px;\"\n\t\t\t\t\t\t\t\tdata-xy=\"x:c;y:m;yo:-35px,-85px,-85px,-85px;\"\n\t\t\t\t\t\t\t\tdata-text=\"w:normal;s:25;\"\n\t\t\t\t\t\t\t\tdata-frame_999=\"o:0;st:w;\"\n\t\t\t\t\t\t\t\tstyle=\"z-index:9;font-family:Playfair Display;\"\n\t\t\t\t\t\t\t>Villa Valverde \n\t\t\t\t\t\t\t<\/rs-layer><!--\n\n\t\t\t\t\t\t\t--><rs-layer\n\t\t\t\t\t\t\t\tid=\"slider-33-slide-95-layer-21\" \n\t\t\t\t\t\t\t\tdata-type=\"text\"\n\t\t\t\t\t\t\t\tdata-tsh=\"c:#000000;h:2px;v:2px;b:5px;\"\n\t\t\t\t\t\t\t\tdata-xy=\"x:c;y:m;yo:35px,-15px,-15px,5px;\"\n\t\t\t\t\t\t\t\tdata-text=\"w:normal;s:45,45,45,35;l:52,52,52,42;a:center;\"\n\t\t\t\t\t\t\t\tdata-dim=\"w:auto,auto,auto,100%;\"\n\t\t\t\t\t\t\t\tdata-frame_999=\"o:0;st:w;\"\n\t\t\t\t\t\t\t\tstyle=\"z-index:9;font-family:Playfair Display;\"\n\t\t\t\t\t\t\t>Un peque\u00f1o rinc\u00f3n de tierra siciliana<br \/>\nsituado en el centro de Taormina \n\t\t\t\t\t\t\t<\/rs-layer><!--\n-->\t\t\t\t\t\t<\/rs-slide>\n\t\t\t\t\t<\/rs-slides>\n\t\t\t\t\t<rs-static-layers><!--\n\n\t\t\t\t\t\t\t--><rs-layer\n\t\t\t\t\t\t\t\tid=\"slider-33-slide-33-layer-0\" \n\t\t\t\t\t\t\t\tclass=\"rev-scroll-btn rev-b-span-light rs-layer-static\"\n\t\t\t\t\t\t\t\tdata-type=\"button\"\n\t\t\t\t\t\t\t\tdata-xy=\"x:c;y:b;yo:50px,102px,100px,80px;\"\n\t\t\t\t\t\t\t\tdata-text=\"w:normal;s:17,14,10,8;l:20,16,11,8;ls:1,0,0,0;\"\n\t\t\t\t\t\t\t\tdata-dim=\"w:35px,29px,21px,16px;h:55px,46px,33px,26px;minw:35px,none,none,none;minh:55px,none,none,none;\"\n\t\t\t\t\t\t\t\tdata-vbility=\"t,t,f,f\"\n\t\t\t\t\t\t\t\tdata-actions='o:click;a:scrollbelow;sp:1000ms;e:power1.inOut;'\n\t\t\t\t\t\t\t\tdata-rsp_o=\"off\"\n\t\t\t\t\t\t\t\tdata-rsp_bd=\"off\"\n\t\t\t\t\t\t\t\tdata-onslides=\"s:1;\"\n\t\t\t\t\t\t\t\tdata-padding=\"t:22,19,14,11;r:14,12,9,7;b:22,19,14,11;l:14,12,9,7;\"\n\t\t\t\t\t\t\t\tdata-border=\"bos:solid;boc:rgba(255,255,255,0.75);bow:3px,3px,3px,3px;bor:23px,23px,23px,23px;\"\n\t\t\t\t\t\t\t\tdata-frame_999=\"o:0;st:w;\"\n\t\t\t\t\t\t\t\tstyle=\"z-index:7;font-family:Roboto;text-transform:uppercase;\"\n\t\t\t\t\t\t\t><span><\/span><span><\/span><span><\/span> \n\t\t\t\t\t\t\t<\/rs-layer><!--\n\n\t\t\t\t\t\t\t--><rs-layer\n\t\t\t\t\t\t\t\tid=\"slider-33-slide-33-layer-33\" \n\t\t\t\t\t\t\t\tclass=\"rs-layer-static\"\n\t\t\t\t\t\t\t\tdata-type=\"text\"\n\t\t\t\t\t\t\t\tdata-xy=\"x:c;y:m;yo:130px,80px,80px,80px;\"\n\t\t\t\t\t\t\t\tdata-text=\"w:normal;\"\n\t\t\t\t\t\t\t\tdata-rsp_o=\"off\"\n\t\t\t\t\t\t\t\tdata-rsp_bd=\"off\"\n\t\t\t\t\t\t\t\tdata-onslides=\"s:1;\"\n\t\t\t\t\t\t\t\tdata-frame_999=\"o:0;st:w;\"\n\t\t\t\t\t\t\t\tstyle=\"z-index:6;font-family:Roboto;\"\n\t\t\t\t\t\t\t><a class=\"qodef-shortcode qodef-m  qodef-button qodef-layout--filled qodef-size--normal qodef-html--link\" href=\"https:\/\/villavalverdetao.beddy.io?lang=es\" target=\"_blank\" rel=\"nofollow\">\t<span class=\"qodef-m-text\">Reserva<\/span><\/a> \n\t\t\t\t\t\t\t<\/rs-layer><!--\n\t\t\t\t\t--><\/rs-static-layers>\n\t\t\t\t<\/rs-module>\n\t\t\t\t<script type=\"text\/javascript\">\n\t\t\t\t\tsetREVStartSize({c: 'rev_slider_33_1',rl:[1240,1024,778,480],el:[900,700,900,600],gw:[1300,1100,800,640],gh:[900,700,900,600],type:'standard',justify:'',layout:'fullscreen',offsetContainer:'',offset:'0px',mh:\"0\"});\n\t\t\t\t\tvar\trevapi33,\n\t\t\t\t\t\ttpj;\n\t\t\t\t\tfunction revinit_revslider331() {\n\t\t\t\t\tjQuery(function() {\n\t\t\t\t\t\ttpj = jQuery;\n\t\t\t\t\t\trevapi33 = tpj(\"#rev_slider_33_1\");\n\t\t\t\t\t\tif(revapi33==undefined || revapi33.revolution == undefined){\n\t\t\t\t\t\t\trevslider_showDoubleJqueryError(\"rev_slider_33_1\");\n\t\t\t\t\t\t}else{\n\t\t\t\t\t\t\trevapi33.revolution({\n\t\t\t\t\t\t\t\tsliderLayout:\"fullscreen\",\n\t\t\t\t\t\t\t\tduration:\"5000ms\",\n\t\t\t\t\t\t\t\tvisibilityLevels:\"1240,1024,778,480\",\n\t\t\t\t\t\t\t\tgridwidth:\"1300,1100,800,640\",\n\t\t\t\t\t\t\t\tgridheight:\"900,700,900,600\",\n\t\t\t\t\t\t\t\tperspective:600,\n\t\t\t\t\t\t\t\tperspectiveType:\"local\",\n\t\t\t\t\t\t\t\teditorheight:\"900,700,900,600\",\n\t\t\t\t\t\t\t\tresponsiveLevels:\"1240,1024,778,480\",\n\t\t\t\t\t\t\t\tfullScreenOffset:\"0px\",\n\t\t\t\t\t\t\t\tprogressBar:{disableProgressBar:true},\n\t\t\t\t\t\t\t\tnavigation: {\n\t\t\t\t\t\t\t\t\tkeyboardNavigation:true,\n\t\t\t\t\t\t\t\t\tkeyboard_direction:\"vertical\",\n\t\t\t\t\t\t\t\t\twheelCallDelay:1000,\n\t\t\t\t\t\t\t\t\tonHoverStop:false,\n\t\t\t\t\t\t\t\t\ttouch: {\n\t\t\t\t\t\t\t\t\t\ttouchenabled:true\n\t\t\t\t\t\t\t\t\t},\n\t\t\t\t\t\t\t\t\tbullets: {\n\t\t\t\t\t\t\t\t\t\tenable:true,\n\t\t\t\t\t\t\t\t\t\ttmp:\"\",\n\t\t\t\t\t\t\t\t\t\tstyle:\"newnavclass_3\",\n\t\t\t\t\t\t\t\t\t\thide_onmobile:true,\n\t\t\t\t\t\t\t\t\t\thide_under:\"800px\",\n\t\t\t\t\t\t\t\t\t\th_align:\"right\",\n\t\t\t\t\t\t\t\t\t\tv_align:\"center\",\n\t\t\t\t\t\t\t\t\t\th_offset:81,\n\t\t\t\t\t\t\t\t\t\tv_offset:1,\n\t\t\t\t\t\t\t\t\t\tdirection:\"vertical\",\n\t\t\t\t\t\t\t\t\t\tspace:10\n\t\t\t\t\t\t\t\t\t}\n\t\t\t\t\t\t\t\t},\n\t\t\t\t\t\t\t\tfallbacks: {\n\t\t\t\t\t\t\t\t\tallowHTML5AutoPlayOnAndroid:true\n\t\t\t\t\t\t\t\t},\n\t\t\t\t\t\t\t});\n\t\t\t\t\t\t\tvar api = revapi33.bind(\"revolution.slide.onbeforeswap\",function (e,data) {\n  jQuery('#qodef-page-wrapper').removeClass('qodef-rev--light qodef-rev--dark').addClass(\n    'qodef-rev--' + api.find('rs-slide').eq(data.nextslide.index()).attr('data-color-skin')\n  );\n});\n\t\t\t\t\t\t}\n\t\t\t\t\t\t\n\t\t\t\t\t});\n\t\t\t\t\t} \/\/ End of RevInitScript\n\t\t\t\tvar once_revslider331 = false;\n\t\t\t\tif (document.readyState === \"loading\") {document.addEventListener('readystatechange',function() { if((document.readyState === \"interactive\" || document.readyState === \"complete\") && !once_revslider331 ) { once_revslider331 = true; revinit_revslider331();}});} else {once_revslider331 = true; revinit_revslider331();}\n\t\t\t\t<\/script>\n\t\t\t\t<script>\n\t\t\t\t\tvar htmlDivCss = unescape(\".qodef-link-in-rev%3Ahover%20%7B%0A%20%20color%3A%20%23ff782b%20%21important%0A%7D\");\n\t\t\t\t\tvar htmlDiv = document.getElementById('rs-plugin-settings-inline-css');\n\t\t\t\t\tif(htmlDiv) {\n\t\t\t\t\t\thtmlDiv.innerHTML = htmlDiv.innerHTML + htmlDivCss;\n\t\t\t\t\t}else{\n\t\t\t\t\t\tvar htmlDiv = document.createElement('div');\n\t\t\t\t\t\thtmlDiv.innerHTML = '<style>' + htmlDivCss + '<\/style>';\n\t\t\t\t\t\tdocument.getElementsByTagName('head')[0].appendChild(htmlDiv.childNodes[0]);\n\t\t\t\t\t}\n\t\t\t\t<\/script>\n\t\t\t\t<script>\n\t\t\t\t\tvar htmlDivCss = unescape(\"%0A%0A.tp-bullet%20%7B%0Awidth%3A%208px%3B%0Aheight%3A%208px%3B%0Abox-sizing%3Aborder-box%3B%0Abackground-color%3A%20%23fff%3B%0Aborder%3A%201px%20solid%20%23fff%3B%0Aborder-radius%3A%2050%25%3B%0Atransition%3A%20all%20.3s%20ease-out%3B%0Amargin%3A%202px%200%3B%0Adisplay%3A%20block%3B%0Aposition%3A%20relative%3B%0Abox-sizing%3A%20content-box%20%21important%3B%0Atransform%3A%20scale%28.6%29%3B%0A%7D%0A%0A.tp-bullet%3Ahover%20%7B%0Atransform%3A%20scale%281%29%3B%0Abackground-color%3A%20transparent%3B%0A%7D%0A%0A.tp-bullet.selected%20%7B%0Atransform%3A%20scale%281%29%3B%0Abackground-color%3A%20transparent%3B%0A%7D%0A%0A.qodef-rev--light%20.tp-bullet%20%7B%0A%20%20%20%20background-color%3A%20%23fff%3B%0A%20%20%20%20border-color%3A%20%23fff%0A%7D%0A%0A.qodef-rev--light%20.tp-bullet.selected%20%7B%0A%20%20background-color%3A%20transparent%3B%0A%7D%0A\");\n\t\t\t\t\tvar htmlDiv = document.getElementById('rs-plugin-settings-inline-css');\n\t\t\t\t\tif(htmlDiv) {\n\t\t\t\t\t\thtmlDiv.innerHTML = htmlDiv.innerHTML + htmlDivCss;\n\t\t\t\t\t}else{\n\t\t\t\t\t\tvar htmlDiv = document.createElement('div');\n\t\t\t\t\t\thtmlDiv.innerHTML = '<style>' + htmlDivCss + '<\/style>';\n\t\t\t\t\t\tdocument.getElementsByTagName('head')[0].appendChild(htmlDiv.childNodes[0]);\n\t\t\t\t\t}\n\t\t\t\t<\/script>\n\t\t\t\t<script>\n\t\t\t\t\tvar htmlDivCss = unescape(\"%0A%0A%0A\");\n\t\t\t\t\tvar htmlDiv = document.getElementById('rs-plugin-settings-inline-css');\n\t\t\t\t\tif(htmlDiv) {\n\t\t\t\t\t\thtmlDiv.innerHTML = htmlDiv.innerHTML + htmlDivCss;\n\t\t\t\t\t}else{\n\t\t\t\t\t\tvar htmlDiv = document.createElement('div');\n\t\t\t\t\t\thtmlDiv.innerHTML = '<style>' + htmlDivCss + '<\/style>';\n\t\t\t\t\t\tdocument.getElementsByTagName('head')[0].appendChild(htmlDiv.childNodes[0]);\n\t\t\t\t\t}\n\t\t\t\t<\/script>\n\t\t\t<\/rs-module-wrap>\n\t\t\t<!-- END REVOLUTION SLIDER -->\n<\/div>\r\n\r\n\t\t\t\t<\/div>\n\t\t\t\t<\/div>\n\t\t\t\t\t<\/div>\n\t\t<\/div>\n\t\t\t\t\t\t\t<\/div>\n\t\t<\/section>\n\t\t\t\t<section style=\"height: 760px\" class=\"elementor-section elementor-top-section elementor-element elementor-element-7203a01 elementor-section-full_width elementor-section-height-min-height elementor-section-height-default elementor-section-items-middle qodef-elementor-content-no\" data-id=\"7203a01\" data-element_type=\"section\">\n\t\t\t\t\t\t<div class=\"elementor-container elementor-column-gap-default\">\n\t\t\t\t\t<div class=\"elementor-column elementor-col-50 elementor-top-column elementor-element elementor-element-ef7b7a3 elementor-hidden-phone\" data-id=\"ef7b7a3\" data-element_type=\"column\">\n\t\t\t<div class=\"elementor-widget-wrap\">\n\t\t\t\t\t\t\t\t\t<\/div>\n\t\t<\/div>\n\t\t\t\t<div class=\"elementor-column elementor-col-50 elementor-top-column elementor-element elementor-element-2519368 elementor-invisible\" data-id=\"2519368\" data-element_type=\"column\" data-settings=\"{&quot;background_background&quot;:&quot;gradient&quot;,&quot;animation&quot;:&quot;fadeInRight&quot;}\">\n\t\t\t<div class=\"elementor-widget-wrap elementor-element-populated\">\n\t\t\t\t\t\t\t\t<div class=\"elementor-element elementor-element-d4d3cfa elementor-widget__width-initial elementor-widget elementor-widget-hatha_core_custom_font\" data-id=\"d4d3cfa\" data-element_type=\"widget\" data-widget_type=\"hatha_core_custom_font.default\">\n\t\t\t\t<div class=\"elementor-widget-container\">\n\t\t\t<h2 class=\"qodef-shortcode qodef-m  qodef-custom-font qodef-custom-font-73 qodef-layout--simple\" style=\"font-size: 25px\">Un jard\u00edn amplio y siempre verde, es la zona com\u00fan que caracteriza Villa Valverde. Naranjos, limoneros y arboles mandarinas ofrecen a los turistas un peque\u00f1o rinc\u00f3n de tierra siciliana situado en el centro de Taormina.<\/h2>\n\t\t<\/div>\n\t\t\t\t<\/div>\n\t\t\t\t\t<\/div>\n\t\t<\/div>\n\t\t\t\t\t\t\t<\/div>\n\t\t<\/section>\n\t\t\t\t<section style=\"height: 760px\" class=\"elementor-section elementor-top-section elementor-element elementor-element-2d51b93 elementor-section-full_width elementor-section-height-min-height elementor-section-content-middle elementor-reverse-mobile elementor-section-height-default elementor-section-items-middle qodef-elementor-content-no\" data-id=\"2d51b93\" data-element_type=\"section\">\n\t\t\t\t\t\t<div class=\"elementor-container elementor-column-gap-default\">\n\t\t\t\t\t<div class=\"elementor-column elementor-col-50 elementor-top-column elementor-element elementor-element-cb5b3e3 elementor-invisible\" data-id=\"cb5b3e3\" data-element_type=\"column\" data-settings=\"{&quot;background_background&quot;:&quot;gradient&quot;,&quot;animation&quot;:&quot;fadeInRight&quot;}\">\n\t\t\t<div class=\"elementor-widget-wrap elementor-element-populated\">\n\t\t\t\t\t\t\t\t<div class=\"elementor-element elementor-element-95b6694 elementor-widget__width-initial elementor-widget elementor-widget-hatha_core_custom_font\" data-id=\"95b6694\" data-element_type=\"widget\" data-widget_type=\"hatha_core_custom_font.default\">\n\t\t\t\t<div class=\"elementor-widget-container\">\n\t\t\t<h2 class=\"qodef-shortcode qodef-m  qodef-custom-font qodef-custom-font-119 qodef-layout--simple\" style=\"font-size: 25px\">Las grandes plantas de laurel y Pit\u00f3sporo ofrecen un refugio para quien quiera relajarse en las hamacas o bajo la sombra de los arboles. Un peque\u00f1o huerto con fragancias y aromas t\u00edpicos de nuestra tierra.<\/h2>\n\t\t<\/div>\n\t\t\t\t<\/div>\n\t\t\t\t\t<\/div>\n\t\t<\/div>\n\t\t\t\t<div class=\"elementor-column elementor-col-50 elementor-top-column elementor-element elementor-element-f8177d6\" data-id=\"f8177d6\" data-element_type=\"column\">\n\t\t\t<div class=\"elementor-widget-wrap\">\n\t\t\t\t\t\t\t\t\t<\/div>\n\t\t<\/div>\n\t\t\t\t\t\t\t<\/div>\n\t\t<\/section>\n\t\t\t\t\t\t<\/div>\n\t\t\t\t\t<\/div>\n\t\t","protected":false},"excerpt":{"rendered":"<p>Un jard\u00edn amplio y siempre verde, es la zona com\u00fan que caracteriza Villa Valverde. Naranjos, limoneros y arboles mandarinas ofrecen a los turistas un peque\u00f1o rinc\u00f3n de tierra siciliana situado en el centro de Taormina. Las grandes plantas de laurel y Pit\u00f3sporo ofrecen un refugio para quien quiera relajarse en las hamacas o bajo la [&hellip;]<\/p>\n","protected":false},"author":1,"featured_media":0,"parent":0,"menu_order":0,"comment_status":"closed","ping_status":"closed","template":"page-full-width.php","meta":{"footnotes":""},"class_list":["post-8601","page","type-page","status-publish","hentry"],"yoast_head":"<!-- This site is optimized with the Yoast SEO plugin v27.5 - https:\/\/yoast.com\/product\/yoast-seo-wordpress\/ -->\n<title>El jard\u00edn | Villa Valverde Apartments y B&amp;B<\/title>\n<meta name=\"description\" content=\"Arboles de naranja, limones y mandarines ofrecen a nuestros hu\u00e9spedes un peque\u00f1o rinc\u00f3n de tierra siciliana situado al centro de Taormina.\" \/>\n<meta name=\"robots\" content=\"index, follow, max-snippet:-1, max-image-preview:large, max-video-preview:-1\" \/>\n<link rel=\"canonical\" href=\"https:\/\/www.villavalverde.it\/es\/jardin\/\" \/>\n<meta property=\"og:locale\" content=\"es_ES\" \/>\n<meta property=\"og:type\" content=\"article\" \/>\n<meta property=\"og:title\" content=\"El jard\u00edn | Villa Valverde Apartments y B&amp;B\" \/>\n<meta property=\"og:description\" content=\"Arboles de naranja, limones y mandarines ofrecen a nuestros hu\u00e9spedes un peque\u00f1o rinc\u00f3n de tierra siciliana situado al centro de Taormina.\" \/>\n<meta property=\"og:url\" content=\"https:\/\/www.villavalverde.it\/es\/jardin\/\" \/>\n<meta property=\"og:site_name\" content=\"Villa Valverde\" \/>\n<meta property=\"article:modified_time\" content=\"2021-06-25T15:09:23+00:00\" \/>\n<meta name=\"twitter:card\" content=\"summary_large_image\" \/>\n<meta name=\"twitter:label1\" content=\"Tiempo de lectura\" \/>\n\t<meta name=\"twitter:data1\" content=\"3 minutos\" \/>\n<script type=\"application\/ld+json\" class=\"yoast-schema-graph\">{\"@context\":\"https:\\\/\\\/schema.org\",\"@graph\":[{\"@type\":\"WebPage\",\"@id\":\"https:\\\/\\\/www.villavalverde.it\\\/es\\\/jardin\\\/\",\"url\":\"https:\\\/\\\/www.villavalverde.it\\\/es\\\/jardin\\\/\",\"name\":\"El jard\u00edn | Villa Valverde Apartments y B&B\",\"isPartOf\":{\"@id\":\"https:\\\/\\\/www.villavalverde.it\\\/#website\"},\"datePublished\":\"2021-03-01T10:50:57+00:00\",\"dateModified\":\"2021-06-25T15:09:23+00:00\",\"description\":\"Arboles de naranja, limones y mandarines ofrecen a nuestros hu\u00e9spedes un peque\u00f1o rinc\u00f3n de tierra siciliana situado al centro de Taormina.\",\"inLanguage\":\"es\",\"potentialAction\":[{\"@type\":\"ReadAction\",\"target\":[\"https:\\\/\\\/www.villavalverde.it\\\/es\\\/jardin\\\/\"]}]},{\"@type\":\"WebSite\",\"@id\":\"https:\\\/\\\/www.villavalverde.it\\\/#website\",\"url\":\"https:\\\/\\\/www.villavalverde.it\\\/\",\"name\":\"Villa Valverde\",\"description\":\"\",\"potentialAction\":[{\"@type\":\"SearchAction\",\"target\":{\"@type\":\"EntryPoint\",\"urlTemplate\":\"https:\\\/\\\/www.villavalverde.it\\\/?s={search_term_string}\"},\"query-input\":{\"@type\":\"PropertyValueSpecification\",\"valueRequired\":true,\"valueName\":\"search_term_string\"}}],\"inLanguage\":\"es\"}]}<\/script>\n<!-- \/ Yoast SEO plugin. -->","yoast_head_json":{"title":"El jard\u00edn | Villa Valverde Apartments y B&B","description":"Arboles de naranja, limones y mandarines ofrecen a nuestros hu\u00e9spedes un peque\u00f1o rinc\u00f3n de tierra siciliana situado al centro de Taormina.","robots":{"index":"index","follow":"follow","max-snippet":"max-snippet:-1","max-image-preview":"max-image-preview:large","max-video-preview":"max-video-preview:-1"},"canonical":"https:\/\/www.villavalverde.it\/es\/jardin\/","og_locale":"es_ES","og_type":"article","og_title":"El jard\u00edn | Villa Valverde Apartments y B&B","og_description":"Arboles de naranja, limones y mandarines ofrecen a nuestros hu\u00e9spedes un peque\u00f1o rinc\u00f3n de tierra siciliana situado al centro de Taormina.","og_url":"https:\/\/www.villavalverde.it\/es\/jardin\/","og_site_name":"Villa Valverde","article_modified_time":"2021-06-25T15:09:23+00:00","twitter_card":"summary_large_image","twitter_misc":{"Tiempo de lectura":"3 minutos"},"schema":{"@context":"https:\/\/schema.org","@graph":[{"@type":"WebPage","@id":"https:\/\/www.villavalverde.it\/es\/jardin\/","url":"https:\/\/www.villavalverde.it\/es\/jardin\/","name":"El jard\u00edn | Villa Valverde Apartments y B&B","isPartOf":{"@id":"https:\/\/www.villavalverde.it\/#website"},"datePublished":"2021-03-01T10:50:57+00:00","dateModified":"2021-06-25T15:09:23+00:00","description":"Arboles de naranja, limones y mandarines ofrecen a nuestros hu\u00e9spedes un peque\u00f1o rinc\u00f3n de tierra siciliana situado al centro de Taormina.","inLanguage":"es","potentialAction":[{"@type":"ReadAction","target":["https:\/\/www.villavalverde.it\/es\/jardin\/"]}]},{"@type":"WebSite","@id":"https:\/\/www.villavalverde.it\/#website","url":"https:\/\/www.villavalverde.it\/","name":"Villa Valverde","description":"","potentialAction":[{"@type":"SearchAction","target":{"@type":"EntryPoint","urlTemplate":"https:\/\/www.villavalverde.it\/?s={search_term_string}"},"query-input":{"@type":"PropertyValueSpecification","valueRequired":true,"valueName":"search_term_string"}}],"inLanguage":"es"}]}},"_links":{"self":[{"href":"https:\/\/www.villavalverde.it\/es\/wp-json\/wp\/v2\/pages\/8601","targetHints":{"allow":["GET"]}}],"collection":[{"href":"https:\/\/www.villavalverde.it\/es\/wp-json\/wp\/v2\/pages"}],"about":[{"href":"https:\/\/www.villavalverde.it\/es\/wp-json\/wp\/v2\/types\/page"}],"author":[{"embeddable":true,"href":"https:\/\/www.villavalverde.it\/es\/wp-json\/wp\/v2\/users\/1"}],"replies":[{"embeddable":true,"href":"https:\/\/www.villavalverde.it\/es\/wp-json\/wp\/v2\/comments?post=8601"}],"version-history":[{"count":0,"href":"https:\/\/www.villavalverde.it\/es\/wp-json\/wp\/v2\/pages\/8601\/revisions"}],"wp:attachment":[{"href":"https:\/\/www.villavalverde.it\/es\/wp-json\/wp\/v2\/media?parent=8601"}],"curies":[{"name":"wp","href":"https:\/\/api.w.org\/{rel}","templated":true}]}}